{"id":16,"date":"2025-03-17T17:07:09","date_gmt":"2025-03-17T17:07:09","guid":{"rendered":"https:\/\/esteticaioana.rkinformatika.online\/?page_id=16"},"modified":"2025-04-11T15:00:12","modified_gmt":"2025-04-11T15:00:12","slug":"inicio","status":"publish","type":"page","link":"https:\/\/esteticaioana.es\/eu\/","title":{"rendered":"Hasiera"},"content":{"rendered":"\t\t<div data-elementor-type=\"wp-page\" data-elementor-id=\"16\" class=\"elementor elementor-16\" data-elementor-post-type=\"page\">\n\t\t\t\t<div class=\"elementor-element elementor-element-e2e763d e-flex e-con-boxed e-con e-parent\" data-id=\"e2e763d\" data-element_type=\"container\" data-e-type=\"container\" data-settings=\"{&quot;background_background&quot;:&quot;classic&quot;}\">\n\t\t\t\t\t<div class=\"e-con-inner\">\n\t\t\t\t\t<\/div>\n\t\t\t\t<\/div>\n\t\t<div class=\"elementor-element elementor-element-831cdb0 e-flex e-con-boxed e-con e-parent\" data-id=\"831cdb0\" data-element_type=\"container\" data-e-type=\"container\" data-settings=\"{&quot;background_background&quot;:&quot;classic&quot;}\">\n\t\t\t\t\t<div class=\"e-con-inner\">\n\t\t\t\t<div class=\"elementor-element elementor-element-cfdf6b6 elementor-widget elementor-widget-heading\" data-id=\"cfdf6b6\" data-element_type=\"widget\" data-e-type=\"widget\" data-widget_type=\"heading.default\">\n\t\t\t\t<div class=\"elementor-widget-container\">\n\t\t\t\t\t<h2 class=\"elementor-heading-title elementor-size-default\">Sobre nosotros<\/h2>\t\t\t\t<\/div>\n\t\t\t\t<\/div>\n\t\t\t\t\t<\/div>\n\t\t\t\t<\/div>\n\t\t<div class=\"elementor-element elementor-element-bd6a0e9 e-flex e-con-boxed e-con e-parent\" data-id=\"bd6a0e9\" data-element_type=\"container\" data-e-type=\"container\">\n\t\t\t\t\t<div class=\"e-con-inner\">\n\t\t<div class=\"elementor-element elementor-element-9d50c76 e-con-full e-flex e-con e-child\" data-id=\"9d50c76\" data-element_type=\"container\" data-e-type=\"container\">\n\t\t\t\t<div class=\"elementor-element elementor-element-7913a34 elementor-widget elementor-widget-image-carousel\" data-id=\"7913a34\" data-element_type=\"widget\" data-e-type=\"widget\" data-settings=\"{&quot;slides_to_show&quot;:&quot;1&quot;,&quot;navigation&quot;:&quot;none&quot;,&quot;lazyload&quot;:&quot;yes&quot;,&quot;autoplay&quot;:&quot;yes&quot;,&quot;autoplay_speed&quot;:5000,&quot;infinite&quot;:&quot;yes&quot;,&quot;effect&quot;:&quot;slide&quot;,&quot;speed&quot;:500}\" data-widget_type=\"image-carousel.default\">\n\t\t\t\t<div class=\"elementor-widget-container\">\n\t\t\t\t\t\t\t<div class=\"elementor-image-carousel-wrapper swiper\" role=\"region\" aria-roledescription=\"carousel\" aria-label=\"Carrusel de im\u00e1genes\" dir=\"ltr\">\n\t\t\t<div class=\"elementor-image-carousel swiper-wrapper swiper-image-stretch\" aria-live=\"off\">\n\t\t\t\t\t\t\t\t<div class=\"swiper-slide\" role=\"group\" aria-roledescription=\"slide\" aria-label=\"1 de 3\"><figure class=\"swiper-slide-inner\"><img class=\"swiper-slide-image swiper-lazy\" data-src=\"https:\/\/esteticaioana.es\/wp-content\/uploads\/2025\/03\/eyeliner2.jpg\" alt=\"eyeliner2\" \/><div class=\"swiper-lazy-preloader\"><\/div><\/figure><\/div><div class=\"swiper-slide\" role=\"group\" aria-roledescription=\"slide\" aria-label=\"2 de 3\"><figure class=\"swiper-slide-inner\"><img class=\"swiper-slide-image swiper-lazy\" data-src=\"https:\/\/esteticaioana.es\/wp-content\/uploads\/2025\/03\/eyeliner.jpg\" alt=\"eyeliner\" \/><div class=\"swiper-lazy-preloader\"><\/div><\/figure><\/div><div class=\"swiper-slide\" role=\"group\" aria-roledescription=\"slide\" aria-label=\"3 de 3\"><figure class=\"swiper-slide-inner\"><img class=\"swiper-slide-image swiper-lazy\" data-src=\"https:\/\/esteticaioana.es\/wp-content\/uploads\/2025\/03\/maquillaje_inicio.jpg\" alt=\"maquillaje_inicio\" \/><div class=\"swiper-lazy-preloader\"><\/div><\/figure><\/div>\t\t\t<\/div>\n\t\t\t\t\t\t\t\n\t\t\t\t\t\t\t\t\t<\/div>\n\t\t\t\t\t\t<\/div>\n\t\t\t\t<\/div>\n\t\t\t\t<\/div>\n\t\t<div class=\"elementor-element elementor-element-ade7030 e-con-full e-flex e-con e-child\" data-id=\"ade7030\" data-element_type=\"container\" data-e-type=\"container\">\n\t\t\t\t<div class=\"elementor-element elementor-element-0dbdefd elementor-widget elementor-widget-heading\" data-id=\"0dbdefd\" data-element_type=\"widget\" data-e-type=\"widget\" data-widget_type=\"heading.default\">\n\t\t\t\t<div class=\"elementor-widget-container\">\n\t\t\t\t\t<h2 class=\"elementor-heading-title elementor-size-default\">Bienvenidos a Ioana Estetika Zentroa <\/h2>\t\t\t\t<\/div>\n\t\t\t\t<\/div>\n\t\t\t\t<div class=\"elementor-element elementor-element-a4dbde3 elementor-widget elementor-widget-text-editor\" data-id=\"a4dbde3\" data-element_type=\"widget\" data-e-type=\"widget\" data-widget_type=\"text-editor.default\">\n\t\t\t\t<div class=\"elementor-widget-container\">\n\t\t\t\t\t\t\t\t\t<div class=\"-my-sm -ml-2 -mr-3\" data-test-id=\"\"><div class=\"relative mt-sm\"><div class=\"overflow-hidden cursor-pointer border-borderMain\/50 ring-borderMain\/50 divide-borderMain\/50 dark:divide-borderMainDark\/50 dark:ring-borderMainDark\/50 dark:border-borderMainDark\/50 transition duration-300 bg-transparent md:hover:bg-offset md:dark:hover:bg-offsetDark\"><h5 class=\"overflow-hidden\">Somos un centro de est\u00e9tica avanzada dedicado a realzar tu belleza natural y cuidar de tu bienestar. Nuestro equipo de profesionales altamente capacitados ofrece una amplia gama de servicios personalizados utilizando las t\u00e9cnicas m\u00e1s innovadoras y eficaces del mercado actual.<\/h5><\/div><\/div><\/div><div class=\"border-borderMain\/50 ring-borderMain\/50 divide-borderMain\/50 dark:divide-borderMainDark\/50 dark:ring-borderMainDark\/50 dark:border-borderMainDark\/50 bg-transparent\"><div class=\"gap-y-md flex flex-col\"><div class=\"relative default font-sans text-base text-textMain dark:text-textMainDark selection:bg-super\/50 selection:text-textMain dark:selection:bg-superDuper\/10 dark:selection:text-superDark\"><div class=\"min-w-0 break-words [word-break:break-word]\"><div id=\"markdown-content-2\" class=\"gap-y-md flex flex-col\" dir=\"auto\"><div class=\"relative\"><div class=\"prose text-pretty dark:prose-invert inline leading-normal break-words min-w-0 [word-break:break-word]\"><h5>En Ioana Estetika Zentroa, nos dedicamos a realzar tu belleza natural y a cuidar de tu bienestar integral. Nuestro equipo de expertos utiliza las t\u00e9cnicas m\u00e1s avanzadas y eficaces para ofrecerte resultados visibles y duraderos. Ya sea que busques un tratamiento facial rejuvenecedor, una remodelaci\u00f3n corporal o simplemente un momento de relajaci\u00f3n, estamos aqu\u00ed para atender tus necesidades est\u00e9ticas de manera personalizada. Descubre la mejor versi\u00f3n de ti mismo con nuestros servicios de est\u00e9tica avanzada.<\/h5><\/div><\/div><\/div><\/div><\/div><\/div><\/div>\t\t\t\t\t\t\t\t<\/div>\n\t\t\t\t<\/div>\n\t\t\t\t<\/div>\n\t\t\t\t\t<\/div>\n\t\t\t\t<\/div>\n\t\t<div class=\"elementor-element elementor-element-7f34a22 e-flex e-con-boxed e-con e-parent\" data-id=\"7f34a22\" data-element_type=\"container\" data-e-type=\"container\" data-settings=\"{&quot;background_background&quot;:&quot;classic&quot;}\">\n\t\t\t\t\t<div class=\"e-con-inner\">\n\t\t\t\t<div class=\"elementor-element elementor-element-5d604d7 elementor-widget elementor-widget-heading\" data-id=\"5d604d7\" data-element_type=\"widget\" data-e-type=\"widget\" data-widget_type=\"heading.default\">\n\t\t\t\t<div class=\"elementor-widget-container\">\n\t\t\t\t\t<h2 class=\"elementor-heading-title elementor-size-default\">\u00a1Estos son nuestros servicios!<\/h2>\t\t\t\t<\/div>\n\t\t\t\t<\/div>\n\t\t\t\t<div class=\"elementor-element elementor-element-29f803d elementor-align-center elementor-widget elementor-widget-button\" data-id=\"29f803d\" data-element_type=\"widget\" data-e-type=\"widget\" data-widget_type=\"button.default\">\n\t\t\t\t<div class=\"elementor-widget-container\">\n\t\t\t\t\t\t\t\t\t<div class=\"elementor-button-wrapper\">\n\t\t\t\t\t<a class=\"elementor-button elementor-button-link elementor-size-sm\" href=\"https:\/\/esteticaioana.es\/servicios\/\">\n\t\t\t\t\t\t<span class=\"elementor-button-content-wrapper\">\n\t\t\t\t\t\t\t\t\t<span class=\"elementor-button-text\">Ver Servicios<\/span>\n\t\t\t\t\t<\/span>\n\t\t\t\t\t<\/a>\n\t\t\t\t<\/div>\n\t\t\t\t\t\t\t\t<\/div>\n\t\t\t\t<\/div>\n\t\t\t\t\t<\/div>\n\t\t\t\t<\/div>\n\t\t\t\t<\/div>\n\t\t","protected":false},"excerpt":{"rendered":"<p>Sobre nosotros Bienvenidos a Ioana Estetika Zentroa Somos un centro de est\u00e9tica avanzada dedicado a realzar tu belleza natural y cuidar de tu bienestar. Nuestro equipo de profesionales altamente capacitados ofrece una amplia gama de servicios personalizados utilizando las t\u00e9cnicas m\u00e1s innovadoras y eficaces del mercado actual. En Ioana Estetika Zentroa, nos dedicamos a realzar [&hellip;]<\/p>\n","protected":false},"author":1,"featured_media":0,"parent":0,"menu_order":0,"comment_status":"closed","ping_status":"closed","template":"elementor_canvas","meta":{"footnotes":""},"class_list":["post-16","page","type-page","status-publish","hentry"],"yoast_head":"<!-- This site is optimized with the Yoast SEO plugin v27.5 - https:\/\/yoast.com\/product\/yoast-seo-wordpress\/ -->\n<title>Inicio - Ioana Constantinescu<\/title>\n<meta name=\"robots\" content=\"index, follow, max-snippet:-1, max-image-preview:large, max-video-preview:-1\" \/>\n<link rel=\"canonical\" href=\"https:\/\/esteticaioana.es\/eu\/\" \/>\n<meta property=\"og:locale\" content=\"en_US\" \/>\n<meta property=\"og:type\" content=\"article\" \/>\n<meta property=\"og:title\" content=\"Inicio - Ioana Constantinescu\" \/>\n<meta property=\"og:description\" content=\"Sobre nosotros Bienvenidos a Ioana Estetika Zentroa Somos un centro de est\u00e9tica avanzada dedicado a realzar tu belleza natural y cuidar de tu bienestar. Nuestro equipo de profesionales altamente capacitados ofrece una amplia gama de servicios personalizados utilizando las t\u00e9cnicas m\u00e1s innovadoras y eficaces del mercado actual. En Ioana Estetika Zentroa, nos dedicamos a realzar [&hellip;]\" \/>\n<meta property=\"og:url\" content=\"https:\/\/esteticaioana.es\/eu\/\" \/>\n<meta property=\"og:site_name\" content=\"Ioana Constantinescu\" \/>\n<meta property=\"article:modified_time\" content=\"2025-04-11T15:00:12+00:00\" \/>\n<meta property=\"og:image\" content=\"https:\/\/esteticaioana.es\/wp-content\/uploads\/2025\/03\/eyeliner2.jpg\" \/>\n<meta name=\"twitter:card\" content=\"summary_large_image\" \/>\n<meta name=\"twitter:label1\" content=\"Est. reading time\" \/>\n\t<meta name=\"twitter:data1\" content=\"2 minutua\" \/>\n<script type=\"application\/ld+json\" class=\"yoast-schema-graph\">{\"@context\":\"https:\\\/\\\/schema.org\",\"@graph\":[{\"@type\":\"WebPage\",\"@id\":\"https:\\\/\\\/esteticaioana.es\\\/\",\"url\":\"https:\\\/\\\/esteticaioana.es\\\/\",\"name\":\"Inicio - Ioana Constantinescu\",\"isPartOf\":{\"@id\":\"https:\\\/\\\/esteticaioana.es\\\/#website\"},\"primaryImageOfPage\":{\"@id\":\"https:\\\/\\\/esteticaioana.es\\\/#primaryimage\"},\"image\":{\"@id\":\"https:\\\/\\\/esteticaioana.es\\\/#primaryimage\"},\"thumbnailUrl\":\"https:\\\/\\\/esteticaioana.es\\\/wp-content\\\/uploads\\\/2025\\\/03\\\/eyeliner2.jpg\",\"datePublished\":\"2025-03-17T17:07:09+00:00\",\"dateModified\":\"2025-04-11T15:00:12+00:00\",\"breadcrumb\":{\"@id\":\"https:\\\/\\\/esteticaioana.es\\\/#breadcrumb\"},\"inLanguage\":\"eu\",\"potentialAction\":[{\"@type\":\"ReadAction\",\"target\":[\"https:\\\/\\\/esteticaioana.es\\\/\"]}]},{\"@type\":\"ImageObject\",\"inLanguage\":\"eu\",\"@id\":\"https:\\\/\\\/esteticaioana.es\\\/#primaryimage\",\"url\":\"https:\\\/\\\/esteticaioana.es\\\/wp-content\\\/uploads\\\/2025\\\/03\\\/eyeliner2.jpg\",\"contentUrl\":\"https:\\\/\\\/esteticaioana.es\\\/wp-content\\\/uploads\\\/2025\\\/03\\\/eyeliner2.jpg\"},{\"@type\":\"BreadcrumbList\",\"@id\":\"https:\\\/\\\/esteticaioana.es\\\/#breadcrumb\",\"itemListElement\":[{\"@type\":\"ListItem\",\"position\":1,\"name\":\"Portada\",\"item\":\"https:\\\/\\\/esteticaioana.es\\\/\"},{\"@type\":\"ListItem\",\"position\":2,\"name\":\"Inicio\"}]},{\"@type\":\"WebSite\",\"@id\":\"https:\\\/\\\/esteticaioana.es\\\/#website\",\"url\":\"https:\\\/\\\/esteticaioana.es\\\/\",\"name\":\"Ioana Constantinescu\",\"description\":\"\",\"potentialAction\":[{\"@type\":\"SearchAction\",\"target\":{\"@type\":\"EntryPoint\",\"urlTemplate\":\"https:\\\/\\\/esteticaioana.es\\\/?s={search_term_string}\"},\"query-input\":{\"@type\":\"PropertyValueSpecification\",\"valueRequired\":true,\"valueName\":\"search_term_string\"}}],\"inLanguage\":\"eu\"}]}<\/script>\n<!-- \/ Yoast SEO plugin. -->","yoast_head_json":{"title":"Inicio - Ioana Constantinescu","robots":{"index":"index","follow":"follow","max-snippet":"max-snippet:-1","max-image-preview":"max-image-preview:large","max-video-preview":"max-video-preview:-1"},"canonical":"https:\/\/esteticaioana.es\/eu\/","og_locale":"en_US","og_type":"article","og_title":"Inicio - Ioana Constantinescu","og_description":"Sobre nosotros Bienvenidos a Ioana Estetika Zentroa Somos un centro de est\u00e9tica avanzada dedicado a realzar tu belleza natural y cuidar de tu bienestar. Nuestro equipo de profesionales altamente capacitados ofrece una amplia gama de servicios personalizados utilizando las t\u00e9cnicas m\u00e1s innovadoras y eficaces del mercado actual. En Ioana Estetika Zentroa, nos dedicamos a realzar [&hellip;]","og_url":"https:\/\/esteticaioana.es\/eu\/","og_site_name":"Ioana Constantinescu","article_modified_time":"2025-04-11T15:00:12+00:00","og_image":[{"url":"https:\/\/esteticaioana.es\/wp-content\/uploads\/2025\/03\/eyeliner2.jpg","type":"","width":"","height":""}],"twitter_card":"summary_large_image","twitter_misc":{"Est. reading time":"2 minutua"},"schema":{"@context":"https:\/\/schema.org","@graph":[{"@type":"WebPage","@id":"https:\/\/esteticaioana.es\/","url":"https:\/\/esteticaioana.es\/","name":"Inicio - Ioana Constantinescu","isPartOf":{"@id":"https:\/\/esteticaioana.es\/#website"},"primaryImageOfPage":{"@id":"https:\/\/esteticaioana.es\/#primaryimage"},"image":{"@id":"https:\/\/esteticaioana.es\/#primaryimage"},"thumbnailUrl":"https:\/\/esteticaioana.es\/wp-content\/uploads\/2025\/03\/eyeliner2.jpg","datePublished":"2025-03-17T17:07:09+00:00","dateModified":"2025-04-11T15:00:12+00:00","breadcrumb":{"@id":"https:\/\/esteticaioana.es\/#breadcrumb"},"inLanguage":"eu","potentialAction":[{"@type":"ReadAction","target":["https:\/\/esteticaioana.es\/"]}]},{"@type":"ImageObject","inLanguage":"eu","@id":"https:\/\/esteticaioana.es\/#primaryimage","url":"https:\/\/esteticaioana.es\/wp-content\/uploads\/2025\/03\/eyeliner2.jpg","contentUrl":"https:\/\/esteticaioana.es\/wp-content\/uploads\/2025\/03\/eyeliner2.jpg"},{"@type":"BreadcrumbList","@id":"https:\/\/esteticaioana.es\/#breadcrumb","itemListElement":[{"@type":"ListItem","position":1,"name":"Portada","item":"https:\/\/esteticaioana.es\/"},{"@type":"ListItem","position":2,"name":"Inicio"}]},{"@type":"WebSite","@id":"https:\/\/esteticaioana.es\/#website","url":"https:\/\/esteticaioana.es\/","name":"Ioana Constantinescu","description":"","potentialAction":[{"@type":"SearchAction","target":{"@type":"EntryPoint","urlTemplate":"https:\/\/esteticaioana.es\/?s={search_term_string}"},"query-input":{"@type":"PropertyValueSpecification","valueRequired":true,"valueName":"search_term_string"}}],"inLanguage":"eu"}]}},"_links":{"self":[{"href":"https:\/\/esteticaioana.es\/eu\/wp-json\/wp\/v2\/pages\/16","targetHints":{"allow":["GET"]}}],"collection":[{"href":"https:\/\/esteticaioana.es\/eu\/wp-json\/wp\/v2\/pages"}],"about":[{"href":"https:\/\/esteticaioana.es\/eu\/wp-json\/wp\/v2\/types\/page"}],"author":[{"embeddable":true,"href":"https:\/\/esteticaioana.es\/eu\/wp-json\/wp\/v2\/users\/1"}],"replies":[{"embeddable":true,"href":"https:\/\/esteticaioana.es\/eu\/wp-json\/wp\/v2\/comments?post=16"}],"version-history":[{"count":134,"href":"https:\/\/esteticaioana.es\/eu\/wp-json\/wp\/v2\/pages\/16\/revisions"}],"predecessor-version":[{"id":557,"href":"https:\/\/esteticaioana.es\/eu\/wp-json\/wp\/v2\/pages\/16\/revisions\/557"}],"wp:attachment":[{"href":"https:\/\/esteticaioana.es\/eu\/wp-json\/wp\/v2\/media?parent=16"}],"curies":[{"name":"wp","href":"https:\/\/api.w.org\/{rel}","templated":true}]}}